{"id":2123,"date":"2015-06-29T23:01:13","date_gmt":"2015-06-29T23:01:13","guid":{"rendered":"https:\/\/www.grupo-mln.com\/blog"},"modified":"2018-06-20T10:40:13","modified_gmt":"2018-06-20T10:40:13","slug":"blog","status":"publish","type":"page","link":"https:\/\/www.grupo-mln.com\/en\/blog","title":{"rendered":"Blog"},"content":{"rendered":"<div class=\"fusion-fullwidth fullwidth-box fusion-builder-row-1 hundred-percent-fullwidth non-hundred-percent-height-scrolling\" style=\"--awb-border-radius-top-left:0px;--awb-border-radius-top-right:0px;--awb-border-radius-bottom-right:0px;--awb-border-radius-bottom-left:0px;--awb-overflow:visible;--awb-flex-wrap:wrap;\" ><div class=\"fusion-builder-row fusion-row\"><div class=\"fusion-layout-column fusion_builder_column fusion-builder-column-0 fusion_builder_column_1_1 1_1 fusion-one-full fusion-column-first fusion-column-last fusion-column-no-min-height\" style=\"--awb-bg-size:cover;--awb-margin-bottom:0px;\"><div class=\"fusion-column-wrapper fusion-flex-column-wrapper-legacy\"><div class=\"fusion-blog-shortcode fusion-blog-shortcode-1 fusion-blog-archive fusion-blog-layout-medium fusion-blog-pagination\"><div class=\"fusion-posts-container fusion-posts-container-pagination fusion-blog-rollover\" data-pages=\"1\"><article id=\"blog-1-post-2223\" class=\"fusion-post-medium post-2223 post type-post status-publish format-standard has-post-thumbnail hentry category-present\">\n\t<style type=\"text\/css\">\n\t\t\n\t\t\n\t\t\n\t\t\n\t\t\t<\/style>\n\n\n\t\t\t<div class=\"fusion-flexslider flexslider fusion-flexslider-loading fusion-post-slideshow\" style=\"\">\n\t\t<ul class=\"slides\">\n\t\t\t\n\t\t\t\t\t\t\t\t\t\t\t\t\t\t<li><div  class=\"fusion-image-wrapper fusion-image-size-fixed\" aria-haspopup=\"true\">\n\t\t\t\t<img decoding=\"async\" width=\"320\" height=\"202\" src=\"https:\/\/www.grupo-mln.com\/wp-content\/uploads\/2018\/07\/100-Ordesa_id_principal_claim_color-1-320x202.jpg\" class=\"attachment-blog-medium size-blog-medium wp-post-image\" alt=\"\" srcset=\"https:\/\/www.grupo-mln.com\/wp-content\/uploads\/2018\/07\/100-Ordesa_id_principal_claim_color-1-320x202.jpg 320w, https:\/\/www.grupo-mln.com\/wp-content\/uploads\/2018\/07\/100-Ordesa_id_principal_claim_color-1-700x441.jpg 700w\" sizes=\"(max-width: 320px) 100vw, 320px\" \/><div class=\"fusion-rollover\">\n\t<div class=\"fusion-rollover-content\">\n\n\t\t\t\t\t\t\t\t\t\t\t\t\t\t<a class=\"fusion-rollover-link\" href=\"https:\/\/www.grupo-mln.com\/en\/blog\/present\/centenario-del-parque-nacional-de-ordesa\">El Grupo MLN se adhiere al centenario del Parque Nacional de Ordesa y Monte Perdido<\/a>\n\t\t\t\n\t\t\t\t\t\t\t\t\n\t\t\n\t\t\t\t\t\t\t\t\t\t\t\t<h4 class=\"fusion-rollover-title\">\n\t\t\t\t\t<a class=\"fusion-rollover-title-link\" href=\"https:\/\/www.grupo-mln.com\/en\/blog\/present\/centenario-del-parque-nacional-de-ordesa\">\n\t\t\t\t\t\tEl Grupo MLN se adhiere al centenario del Parque Nacional de Ordesa y Monte Perdido\t\t\t\t\t<\/a>\n\t\t\t\t<\/h4>\n\t\t\t\n\t\t\t\t\t\t\t\t\n\t\t\n\t\t\t\t\t\t<a class=\"fusion-link-wrapper\" href=\"https:\/\/www.grupo-mln.com\/en\/blog\/present\/centenario-del-parque-nacional-de-ordesa\" aria-label=\"El Grupo MLN se adhiere al centenario del Parque Nacional de Ordesa y Monte Perdido\"><\/a>\n\t<\/div>\n<\/div>\n<\/div>\n<\/li>\n\t\t\t\n\t\t\t\n\t\t\t\t\t\t\t\t\t\t\t\t\t\t\t\t\t\t\t\t\t\t\t\t\t\t\t\t\t\t\t\t\t\t\t\t\t\t\t\t\t\t\t\t\t\t\t\t\t\t\t\t\t\t\t\t\t\t\t\t\t\t\t\t\t\t\t\t<\/ul>\n\t<\/div>\n\t<div class=\"fusion-post-content post-content\"><h2 class=\"blog-shortcode-post-title entry-title\"><a href=\"https:\/\/www.grupo-mln.com\/en\/blog\/present\/centenario-del-parque-nacional-de-ordesa\">El Grupo MLN se adhiere al centenario del Parque Nacional de Ordesa y Monte Perdido<\/a><\/h2><div class=\"fusion-post-content-container\"><p>El Grupo MLN se ha adherido al Centenario del Parque Nacional de Ordesa y Monte Perdido, evento que ha sido reconocido como Acontecimiento de Excepcional Inter\u00e9s P\u00fablico (AEIP). Grupo MLN demuestra una vez m\u00e1s su [...]<\/p><\/div><\/div><div class=\"fusion-clearfix\"><\/div><div class=\"fusion-meta-info\"><div class=\"fusion-alignleft\"><span class=\"vcard\" style=\"display: none;\"><span class=\"fn\"><a href=\"https:\/\/www.grupo-mln.com\/en\/blog\/author\/marketingc2\" title=\"Posts by Marketing C2\" rel=\"author\">Marketing C2<\/a><\/span><\/span><span class=\"updated\" style=\"display:none;\">2018-07-26T08:49:44+00:00<\/span><span>25\/07\/2018<\/span><span class=\"fusion-inline-sep\">|<\/span>Categories: <a href=\"https:\/\/www.grupo-mln.com\/en\/categoria\/present\" rel=\"category tag\">PRESENT<\/a><span class=\"fusion-inline-sep\">|<\/span><\/div><\/div><\/article>\n<article id=\"blog-1-post-2129\" class=\"fusion-post-medium post-2129 post type-post status-publish format-standard hentry category-publications\">\n\t<style type=\"text\/css\">\n\t\t\n\t\t\n\t\t\n\t\t\n\t\t\t<\/style>\n\n\n<div class=\"fusion-post-content post-content\"><h2 class=\"blog-shortcode-post-title entry-title\"><a href=\"https:\/\/www.grupo-mln.com\/en\/blog\/publications\/publications\">PUBLICATIONS<\/a><\/h2><div class=\"fusion-post-content-container\"><p>Certificates   Download PDF -\u00a0COPHA CPF A\u0301RIDOS CE (2001104) Download PDF -\u00a0MLN ISO 14001 RENOV. (180914) Download PDF -\u00a0MLN ISO 9001 RENOV. (180818) Download PDF -\u00a0COPHA UNE 166002 (181211) Download PDF -\u00a0COPHA ISO 14001 [...]<\/p><\/div><\/div><div class=\"fusion-clearfix\"><\/div><div class=\"fusion-meta-info\"><div class=\"fusion-alignleft\"><span class=\"vcard\" style=\"display: none;\"><span class=\"fn\"><a href=\"https:\/\/www.grupo-mln.com\/en\/blog\/author\/marketingc2\" title=\"Posts by Marketing C2\" rel=\"author\">Marketing C2<\/a><\/span><\/span><span class=\"updated\" style=\"display:none;\">2018-06-19T11:11:39+00:00<\/span><span>06\/06\/2018<\/span><span class=\"fusion-inline-sep\">|<\/span>Categories: <a href=\"https:\/\/www.grupo-mln.com\/en\/categoria\/publications\" rel=\"category tag\">PUBLICATIONS<\/a><span class=\"fusion-inline-sep\">|<\/span><\/div><\/div><\/article>\n<article id=\"blog-1-post-2125\" class=\"fusion-post-medium post-2125 post type-post status-publish format-standard has-post-thumbnail hentry category-present\">\n\t<style type=\"text\/css\">\n\t\t\n\t\t\n\t\t\n\t\t\n\t\t\t<\/style>\n\n\n\t\t\t<div class=\"fusion-flexslider flexslider fusion-flexslider-loading fusion-post-slideshow\" style=\"\">\n\t\t<ul class=\"slides\">\n\t\t\t\n\t\t\t\t\t\t\t\t\t\t\t\t\t\t<li><div  class=\"fusion-image-wrapper fusion-image-size-fixed\" aria-haspopup=\"true\">\n\t\t\t\t<img decoding=\"async\" width=\"320\" height=\"202\" src=\"https:\/\/www.grupo-mln.com\/wp-content\/uploads\/2018\/05\/foto-visita-1-320x202.jpg\" class=\"attachment-blog-medium size-blog-medium wp-post-image\" alt=\"\" srcset=\"https:\/\/www.grupo-mln.com\/wp-content\/uploads\/2018\/05\/foto-visita-1-320x202.jpg 320w, https:\/\/www.grupo-mln.com\/wp-content\/uploads\/2018\/05\/foto-visita-1-700x441.jpg 700w\" sizes=\"(max-width: 320px) 100vw, 320px\" \/><div class=\"fusion-rollover\">\n\t<div class=\"fusion-rollover-content\">\n\n\t\t\t\t\t\t\t\t\t\t\t\t\t\t<a class=\"fusion-rollover-link\" href=\"https:\/\/www.grupo-mln.com\/en\/blog\/present\/firm-road-techniques-day\">FIRM ROAD TECHNIQUES DAY<\/a>\n\t\t\t\n\t\t\t\t\t\t\t\t\n\t\t\n\t\t\t\t\t\t\t\t\t\t\t\t<h4 class=\"fusion-rollover-title\">\n\t\t\t\t\t<a class=\"fusion-rollover-title-link\" href=\"https:\/\/www.grupo-mln.com\/en\/blog\/present\/firm-road-techniques-day\">\n\t\t\t\t\t\tFIRM ROAD TECHNIQUES DAY\t\t\t\t\t<\/a>\n\t\t\t\t<\/h4>\n\t\t\t\n\t\t\t\t\t\t\t\t\n\t\t\n\t\t\t\t\t\t<a class=\"fusion-link-wrapper\" href=\"https:\/\/www.grupo-mln.com\/en\/blog\/present\/firm-road-techniques-day\" aria-label=\"FIRM ROAD TECHNIQUES DAY\"><\/a>\n\t<\/div>\n<\/div>\n<\/div>\n<\/li>\n\t\t\t\n\t\t\t\n\t\t\t\t\t\t\t\t\t\t\t\t\t\t\t\t\t\t\t\t\t\t\t\t\t\t\t\t\t\t\t\t\t\t\t\t\t\t\t\t\t\t\t\t\t\t\t\t\t\t\t\t\t\t\t\t\t\t\t\t\t\t\t\t\t\t\t\t<\/ul>\n\t<\/div>\n\t<div class=\"fusion-post-content post-content\"><h2 class=\"blog-shortcode-post-title entry-title\"><a href=\"https:\/\/www.grupo-mln.com\/en\/blog\/present\/firm-road-techniques-day\">FIRM ROAD TECHNIQUES DAY<\/a><\/h2><div class=\"fusion-post-content-container\"><p>THE MLN CHAIR ORGANIZES THE TECHNICAL DAY OF FIRM ROADS, SUSTAINABLE ASPHALT SOLUTIONS \u00a0 Among the activities that the Mariano L\u00f3pez Navarro Chair is developing throughout the 2017-2018 academic year, the Firm Technical Road Conference [...]<\/p><\/div><\/div><div class=\"fusion-clearfix\"><\/div><div class=\"fusion-meta-info\"><div class=\"fusion-alignleft\"><span class=\"vcard\" style=\"display: none;\"><span class=\"fn\"><a href=\"https:\/\/www.grupo-mln.com\/en\/blog\/author\/marketingc2\" title=\"Posts by Marketing C2\" rel=\"author\">Marketing C2<\/a><\/span><\/span><span class=\"updated\" style=\"display:none;\">2018-06-19T10:57:01+00:00<\/span><span>12\/05\/2018<\/span><span class=\"fusion-inline-sep\">|<\/span>Categories: <a href=\"https:\/\/www.grupo-mln.com\/en\/categoria\/present\" rel=\"category tag\">PRESENT<\/a><span class=\"fusion-inline-sep\">|<\/span><\/div><\/div><\/article>\n<article id=\"blog-1-post-2177\" class=\"fusion-post-medium post-2177 post type-post status-publish format-standard has-post-thumbnail hentry category-present\">\n\t<style type=\"text\/css\">\n\t\t\n\t\t\n\t\t\n\t\t\n\t\t\t<\/style>\n\n\n\t\t\t<div class=\"fusion-flexslider flexslider fusion-flexslider-loading fusion-post-slideshow\" style=\"\">\n\t\t<ul class=\"slides\">\n\t\t\t\n\t\t\t\t\t\t\t\t\t\t\t\t\t\t<li><div  class=\"fusion-image-wrapper fusion-image-size-fixed\" aria-haspopup=\"true\">\n\t\t\t\t<img decoding=\"async\" width=\"320\" height=\"202\" src=\"https:\/\/www.grupo-mln.com\/wp-content\/uploads\/2018\/05\/Jornada-Bonus-Zaragoza-1204-1024x333-320x202.jpg\" class=\"attachment-blog-medium size-blog-medium wp-post-image\" alt=\"\" \/><div class=\"fusion-rollover\">\n\t<div class=\"fusion-rollover-content\">\n\n\t\t\t\t\t\t\t\t\t\t\t\t\t\t<a class=\"fusion-rollover-link\" href=\"https:\/\/www.grupo-mln.com\/en\/blog\/present\/recognition-for-prevention-and-reduction-of-occupational-accidents\">RECOGNITION FOR PREVENTION AND REDUCTION OF OCCUPATIONAL ACCIDENTS<\/a>\n\t\t\t\n\t\t\t\t\t\t\t\t\n\t\t\n\t\t\t\t\t\t\t\t\t\t\t\t<h4 class=\"fusion-rollover-title\">\n\t\t\t\t\t<a class=\"fusion-rollover-title-link\" href=\"https:\/\/www.grupo-mln.com\/en\/blog\/present\/recognition-for-prevention-and-reduction-of-occupational-accidents\">\n\t\t\t\t\t\tRECOGNITION FOR PREVENTION AND REDUCTION OF OCCUPATIONAL ACCIDENTS\t\t\t\t\t<\/a>\n\t\t\t\t<\/h4>\n\t\t\t\n\t\t\t\t\t\t\t\t\n\t\t\n\t\t\t\t\t\t<a class=\"fusion-link-wrapper\" href=\"https:\/\/www.grupo-mln.com\/en\/blog\/present\/recognition-for-prevention-and-reduction-of-occupational-accidents\" aria-label=\"RECOGNITION FOR PREVENTION AND REDUCTION OF OCCUPATIONAL ACCIDENTS\"><\/a>\n\t<\/div>\n<\/div>\n<\/div>\n<\/li>\n\t\t\t\n\t\t\t\n\t\t\t\t\t\t\t\t\t\t\t\t\t\t\t\t\t\t\t\t\t\t\t\t\t\t\t\t\t\t\t\t\t\t\t\t\t\t\t\t\t\t\t\t\t\t\t\t\t\t\t\t\t\t\t\t\t\t\t\t\t\t\t\t\t\t\t\t<\/ul>\n\t<\/div>\n\t<div class=\"fusion-post-content post-content\"><h2 class=\"blog-shortcode-post-title entry-title\"><a href=\"https:\/\/www.grupo-mln.com\/en\/blog\/present\/recognition-for-prevention-and-reduction-of-occupational-accidents\">RECOGNITION FOR PREVENTION AND REDUCTION OF OCCUPATIONAL ACCIDENTS<\/a><\/h2><div class=\"fusion-post-content-container\"><p>MLN GROUP RECEIVES RECOGNITION FOR ITS MANAGEMENT OF THE PREVENTION AND REDUCTION OF OCCUPATIONAL ACCIDENTS. \u00a0 On 12 April, MLN Group received a bonus, an economic incentive granted by the Directorate General of Social Security [...]<\/p><\/div><\/div><div class=\"fusion-clearfix\"><\/div><div class=\"fusion-meta-info\"><div class=\"fusion-alignleft\"><span class=\"vcard\" style=\"display: none;\"><span class=\"fn\"><a href=\"https:\/\/www.grupo-mln.com\/en\/blog\/author\/marketingc2\" title=\"Posts by Marketing C2\" rel=\"author\">Marketing C2<\/a><\/span><\/span><span class=\"updated\" style=\"display:none;\">2018-07-02T12:02:16+00:00<\/span><span>12\/05\/2018<\/span><span class=\"fusion-inline-sep\">|<\/span>Categories: <a href=\"https:\/\/www.grupo-mln.com\/en\/categoria\/present\" rel=\"category tag\">PRESENT<\/a><span class=\"fusion-inline-sep\">|<\/span><\/div><\/div><\/article>\n<article id=\"blog-1-post-2179\" class=\"fusion-post-medium post-2179 post type-post status-publish format-standard has-post-thumbnail hentry category-present\">\n\t<style type=\"text\/css\">\n\t\t\n\t\t\n\t\t\n\t\t\n\t\t\t<\/style>\n\n\n\t\t\t<div class=\"fusion-flexslider flexslider fusion-flexslider-loading fusion-post-slideshow\" style=\"\">\n\t\t<ul class=\"slides\">\n\t\t\t\n\t\t\t\t\t\t\t\t\t\t\t\t\t\t<li><div  class=\"fusion-image-wrapper fusion-image-size-fixed\" aria-haspopup=\"true\">\n\t\t\t\t<img decoding=\"async\" width=\"320\" height=\"202\" src=\"https:\/\/www.grupo-mln.com\/wp-content\/uploads\/2018\/05\/37G-0041p-320x202.jpg\" class=\"attachment-blog-medium size-blog-medium wp-post-image\" alt=\"\" srcset=\"https:\/\/www.grupo-mln.com\/wp-content\/uploads\/2018\/05\/37G-0041p-320x202.jpg 320w, https:\/\/www.grupo-mln.com\/wp-content\/uploads\/2018\/05\/37G-0041p-700x441.jpg 700w\" sizes=\"(max-width: 320px) 100vw, 320px\" \/><div class=\"fusion-rollover\">\n\t<div class=\"fusion-rollover-content\">\n\n\t\t\t\t\t\t\t\t\t\t\t\t\t\t<a class=\"fusion-rollover-link\" href=\"https:\/\/www.grupo-mln.com\/en\/blog\/present\/edar-utebo\">UTEBO WWTP<\/a>\n\t\t\t\n\t\t\t\t\t\t\t\t\n\t\t\n\t\t\t\t\t\t\t\t\t\t\t\t<h4 class=\"fusion-rollover-title\">\n\t\t\t\t\t<a class=\"fusion-rollover-title-link\" href=\"https:\/\/www.grupo-mln.com\/en\/blog\/present\/edar-utebo\">\n\t\t\t\t\t\tUTEBO WWTP\t\t\t\t\t<\/a>\n\t\t\t\t<\/h4>\n\t\t\t\n\t\t\t\t\t\t\t\t\n\t\t\n\t\t\t\t\t\t<a class=\"fusion-link-wrapper\" href=\"https:\/\/www.grupo-mln.com\/en\/blog\/present\/edar-utebo\" aria-label=\"UTEBO WWTP\"><\/a>\n\t<\/div>\n<\/div>\n<\/div>\n<\/li>\n\t\t\t\n\t\t\t\n\t\t\t\t\t\t\t\t\t\t\t\t\t\t\t\t\t\t\t\t\t\t\t\t\t\t\t\t\t\t\t\t\t\t\t\t\t\t\t\t\t\t\t\t\t\t\t\t\t\t\t\t\t\t\t\t\t\t\t\t\t\t\t\t\t\t\t\t<\/ul>\n\t<\/div>\n\t<div class=\"fusion-post-content post-content\"><h2 class=\"blog-shortcode-post-title entry-title\"><a href=\"https:\/\/www.grupo-mln.com\/en\/blog\/present\/edar-utebo\">UTEBO WWTP<\/a><\/h2><div class=\"fusion-post-content-container\"><p>UTEBO WASTEWATER TREATMENT PLANT GOES INTO OPERATION Last October 1st, the Utebo WWTP came into operation, according to the contract for the Construction Project of the Infrastructures necessary for the treatment of Wastewater in the [...]<\/p><\/div><\/div><div class=\"fusion-clearfix\"><\/div><div class=\"fusion-meta-info\"><div class=\"fusion-alignleft\"><span class=\"vcard\" style=\"display: none;\"><span class=\"fn\"><a href=\"https:\/\/www.grupo-mln.com\/en\/blog\/author\/marketingc2\" title=\"Posts by Marketing C2\" rel=\"author\">Marketing C2<\/a><\/span><\/span><span class=\"updated\" style=\"display:none;\">2018-07-02T12:05:27+00:00<\/span><span>11\/05\/2018<\/span><span class=\"fusion-inline-sep\">|<\/span>Categories: <a href=\"https:\/\/www.grupo-mln.com\/en\/categoria\/present\" rel=\"category tag\">PRESENT<\/a><span class=\"fusion-inline-sep\">|<\/span><\/div><\/div><\/article>\n<\/div><\/div><div class=\"fusion-sep-clear\"><\/div><div class=\"fusion-separator fusion-full-width-sep\" style=\"margin-left: auto;margin-right: auto;margin-top:20px;margin-bottom:20px;width:100%;\"><\/div><div class=\"fusion-sep-clear\"><\/div><div class=\"fusion-clearfix\"><\/div><\/div><\/div><\/div><\/div>\n","protected":false},"excerpt":{"rendered":"","protected":false},"author":3,"featured_media":0,"parent":0,"menu_order":0,"comment_status":"closed","ping_status":"open","template":"","meta":{"_exactmetrics_skip_tracking":false,"_exactmetrics_sitenote_active":false,"_exactmetrics_sitenote_note":"","_exactmetrics_sitenote_category":0,"footnotes":""},"class_list":["post-2123","page","type-page","status-publish","hentry"],"yoast_head":"<!-- This site is optimized with the Yoast SEO plugin v27.0 - https:\/\/yoast.com\/product\/yoast-seo-wordpress\/ -->\n<title>Blog - Grupo MLN<\/title>\n<meta name=\"robots\" content=\"index, follow, max-snippet:-1, max-image-preview:large, max-video-preview:-1\" \/>\n<link rel=\"canonical\" href=\"https:\/\/www.grupo-mln.com\/en\/blog\" \/>\n<meta property=\"og:locale\" content=\"en_US\" \/>\n<meta property=\"og:type\" content=\"article\" \/>\n<meta property=\"og:title\" content=\"Blog - Grupo MLN\" \/>\n<meta property=\"og:url\" content=\"https:\/\/www.grupo-mln.com\/en\/blog\" \/>\n<meta property=\"og:site_name\" content=\"Grupo MLN\" \/>\n<meta property=\"article:modified_time\" content=\"2018-06-20T10:40:13+00:00\" \/>\n<meta name=\"twitter:card\" content=\"summary_large_image\" \/>\n<meta name=\"twitter:label1\" content=\"Est. reading time\" \/>\n\t<meta name=\"twitter:data1\" content=\"1 minute\" \/>\n<script type=\"application\/ld+json\" class=\"yoast-schema-graph\">{\"@context\":\"https:\/\/schema.org\",\"@graph\":[{\"@type\":\"WebPage\",\"@id\":\"https:\/\/www.grupo-mln.com\/en\/blog\",\"url\":\"https:\/\/www.grupo-mln.com\/en\/blog\",\"name\":\"Blog - Grupo MLN\",\"isPartOf\":{\"@id\":\"https:\/\/www.grupo-mln.com\/fr\/#website\"},\"datePublished\":\"2015-06-29T23:01:13+00:00\",\"dateModified\":\"2018-06-20T10:40:13+00:00\",\"breadcrumb\":{\"@id\":\"https:\/\/www.grupo-mln.com\/en\/blog#breadcrumb\"},\"inLanguage\":\"en-US\",\"potentialAction\":[{\"@type\":\"ReadAction\",\"target\":[\"https:\/\/www.grupo-mln.com\/en\/blog\"]}]},{\"@type\":\"BreadcrumbList\",\"@id\":\"https:\/\/www.grupo-mln.com\/en\/blog#breadcrumb\",\"itemListElement\":[{\"@type\":\"ListItem\",\"position\":1,\"name\":\"Portada\",\"item\":\"https:\/\/www.grupo-mln.com\/en\"},{\"@type\":\"ListItem\",\"position\":2,\"name\":\"Blog\"}]},{\"@type\":\"WebSite\",\"@id\":\"https:\/\/www.grupo-mln.com\/fr\/#website\",\"url\":\"https:\/\/www.grupo-mln.com\/fr\/\",\"name\":\"Grupo MLN\",\"description\":\"Grupo MLN\",\"potentialAction\":[{\"@type\":\"SearchAction\",\"target\":{\"@type\":\"EntryPoint\",\"urlTemplate\":\"https:\/\/www.grupo-mln.com\/fr\/?s={search_term_string}\"},\"query-input\":{\"@type\":\"PropertyValueSpecification\",\"valueRequired\":true,\"valueName\":\"search_term_string\"}}],\"inLanguage\":\"en-US\"}]}<\/script>\n<!-- \/ Yoast SEO plugin. -->","yoast_head_json":{"title":"Blog - Grupo MLN","robots":{"index":"index","follow":"follow","max-snippet":"max-snippet:-1","max-image-preview":"max-image-preview:large","max-video-preview":"max-video-preview:-1"},"canonical":"https:\/\/www.grupo-mln.com\/en\/blog","og_locale":"en_US","og_type":"article","og_title":"Blog - Grupo MLN","og_url":"https:\/\/www.grupo-mln.com\/en\/blog","og_site_name":"Grupo MLN","article_modified_time":"2018-06-20T10:40:13+00:00","twitter_card":"summary_large_image","twitter_misc":{"Est. reading time":"1 minute"},"schema":{"@context":"https:\/\/schema.org","@graph":[{"@type":"WebPage","@id":"https:\/\/www.grupo-mln.com\/en\/blog","url":"https:\/\/www.grupo-mln.com\/en\/blog","name":"Blog - Grupo MLN","isPartOf":{"@id":"https:\/\/www.grupo-mln.com\/fr\/#website"},"datePublished":"2015-06-29T23:01:13+00:00","dateModified":"2018-06-20T10:40:13+00:00","breadcrumb":{"@id":"https:\/\/www.grupo-mln.com\/en\/blog#breadcrumb"},"inLanguage":"en-US","potentialAction":[{"@type":"ReadAction","target":["https:\/\/www.grupo-mln.com\/en\/blog"]}]},{"@type":"BreadcrumbList","@id":"https:\/\/www.grupo-mln.com\/en\/blog#breadcrumb","itemListElement":[{"@type":"ListItem","position":1,"name":"Portada","item":"https:\/\/www.grupo-mln.com\/en"},{"@type":"ListItem","position":2,"name":"Blog"}]},{"@type":"WebSite","@id":"https:\/\/www.grupo-mln.com\/fr\/#website","url":"https:\/\/www.grupo-mln.com\/fr\/","name":"Grupo MLN","description":"Grupo MLN","potentialAction":[{"@type":"SearchAction","target":{"@type":"EntryPoint","urlTemplate":"https:\/\/www.grupo-mln.com\/fr\/?s={search_term_string}"},"query-input":{"@type":"PropertyValueSpecification","valueRequired":true,"valueName":"search_term_string"}}],"inLanguage":"en-US"}]}},"_links":{"self":[{"href":"https:\/\/www.grupo-mln.com\/en\/wp-json\/wp\/v2\/pages\/2123","targetHints":{"allow":["GET"]}}],"collection":[{"href":"https:\/\/www.grupo-mln.com\/en\/wp-json\/wp\/v2\/pages"}],"about":[{"href":"https:\/\/www.grupo-mln.com\/en\/wp-json\/wp\/v2\/types\/page"}],"author":[{"embeddable":true,"href":"https:\/\/www.grupo-mln.com\/en\/wp-json\/wp\/v2\/users\/3"}],"replies":[{"embeddable":true,"href":"https:\/\/www.grupo-mln.com\/en\/wp-json\/wp\/v2\/comments?post=2123"}],"version-history":[{"count":2,"href":"https:\/\/www.grupo-mln.com\/en\/wp-json\/wp\/v2\/pages\/2123\/revisions"}],"predecessor-version":[{"id":2158,"href":"https:\/\/www.grupo-mln.com\/en\/wp-json\/wp\/v2\/pages\/2123\/revisions\/2158"}],"wp:attachment":[{"href":"https:\/\/www.grupo-mln.com\/en\/wp-json\/wp\/v2\/media?parent=2123"}],"curies":[{"name":"wp","href":"https:\/\/api.w.org\/{rel}","templated":true}]}}