{"id":2057,"date":"2018-04-10T14:25:36","date_gmt":"2018-04-10T14:25:36","guid":{"rendered":"https:\/\/www.grupo-mln.com\/building\/edificacion-no-residencial"},"modified":"2023-03-29T08:11:58","modified_gmt":"2023-03-29T08:11:58","slug":"non-residential-construction","status":"publish","type":"page","link":"https:\/\/www.grupo-mln.com\/en\/building\/non-residential-construction","title":{"rendered":"Non-residential Construction"},"content":{"rendered":"<p><div class=\"fusion-bg-parallax\" data-bg-align=\"left top\" data-direction=\"up\" data-mute=\"false\" data-opacity=\"100\" data-velocity=\"-0.3\" data-mobile-enabled=\"false\" data-break_parents=\"0\" data-bg-image=\"https:\/\/www.grupo-mln.com\/wp-content\/uploads\/2018\/04\/cab-4.jpg\" data-bg-repeat=\"false\" ><\/div><div class=\"fusion-fullwidth fullwidth-box fusion-builder-row-1 fusion-parallax-up nonhundred-percent-fullwidth non-hundred-percent-height-scrolling\" style=\"--awb-background-position:left top;--awb-border-sizes-top:0px;--awb-border-sizes-bottom:0px;--awb-border-sizes-left:0px;--awb-border-sizes-right:0px;--awb-border-radius-top-left:0px;--awb-border-radius-top-right:0px;--awb-border-radius-bottom-right:0px;--awb-border-radius-bottom-left:0px;--awb-padding-top:130px;--awb-padding-bottom:120px;--awb-background-image:url(&quot;https:\/\/www.grupo-mln.com\/wp-content\/uploads\/2018\/04\/cab-4.jpg&quot;);--awb-background-size:cover;--awb-flex-wrap:wrap;\" ><div class=\"fusion-builder-row fusion-row\"><div class=\"fusion-layout-column fusion_builder_column fusion-builder-column-0 fusion_builder_column_1_2 1_2 fusion-one-half fusion-column-first\" style=\"--awb-bg-size:cover;width:48%; margin-right: 4%;\"><div class=\"fusion-column-wrapper fusion-flex-column-wrapper-legacy\"><div class=\"fusion-text fusion-text-1\"><h1 data-fontsize=\"50\" data-lineheight=\"66.5px\" class=\"fusion-responsive-typography-calculated\" style=\"--fontSize:50; line-height: 1.33;\">EQUIPMENT<\/h1>\n<p style=\"--fontSize:50; line-height: 1.33;\"><span style=\"background-color: rgba(255, 255, 255, 0); font-family: var(--body_typography-font-family); font-size: var(--body_typography-font-size); font-style: var(--body_typography-font-style,normal); font-weight: var(--body_typography-font-weight); letter-spacing: var(--body_typography-letter-spacing); color: rgb(255, 255, 255);\">In non-residential building, <\/span><span style=\"font-family: var(--body_typography-font-family); font-size: var(--body_typography-font-size); font-style: var(--body_typography-font-style,normal); font-weight: var(--body_typography-font-weight); letter-spacing: var(--body_typography-letter-spacing); background-color: rgba(255, 255, 255, 0); color: var(--awb-color1);\">Grupo MLN has built a wide variety of buildings. From educational centres and sports facilities to cultural centres, hospitals, parishes, etc. It has also carried out the refurbishment of historic buildings. In this case, the projects were both to consolidate the existing remains and for a new use.<\/span><\/p>\n<\/div><div class=\"fusion-sep-clear\"><\/div><div class=\"fusion-separator fusion-full-width-sep\" style=\"margin-left: auto;margin-right: auto;margin-top:20px;margin-bottom:55px;width:100%;\"><\/div><div class=\"fusion-sep-clear\"><\/div><div class=\"fusion-clearfix\"><\/div><\/div><\/div><div class=\"fusion-layout-column fusion_builder_column fusion-builder-column-1 fusion_builder_column_1_2 1_2 fusion-one-half fusion-column-last\" style=\"--awb-bg-size:cover;width:48%;\"><div class=\"fusion-column-wrapper fusion-flex-column-wrapper-legacy\"><div class=\"fusion-clearfix\"><\/div><\/div><\/div><\/div><\/div><div class=\"fusion-fullwidth fullwidth-box fusion-builder-row-2 nonhundred-percent-fullwidth non-hundred-percent-height-scrolling\" style=\"--awb-border-radius-top-left:0px;--awb-border-radius-top-right:0px;--awb-border-radius-bottom-right:0px;--awb-border-radius-bottom-left:0px;--awb-padding-top:80px;--awb-padding-bottom:60px;--awb-flex-wrap:wrap;\" ><div class=\"fusion-builder-row fusion-row\"><div class=\"fusion-layout-column fusion_builder_column fusion-builder-column-2 fusion_builder_column_1_1 1_1 fusion-one-full fusion-column-first fusion-column-last\" style=\"--awb-bg-size:cover;\"><div class=\"fusion-column-wrapper fusion-flex-column-wrapper-legacy\"><div class=\"awb-gallery-wrapper awb-gallery-wrapper-1 button-span-no\"><div style=\"margin:-5px;--awb-bordersize:0px;\" class=\"fusion-gallery fusion-gallery-container fusion-grid-5 fusion-columns-total-10 fusion-gallery-layout-grid fusion-gallery-1\"><div style=\"padding:5px;\" class=\"fusion-grid-column fusion-gallery-column fusion-gallery-column-5 hover-type-none\"><div class=\"fusion-gallery-image\"><a href=\"https:\/\/www.grupo-mln.com\/wp-content\/uploads\/2018\/04\/foto-no-residencial-1-ciba.jpg\" data-title=\"CENTRO DE INVESTIGACI\u00d3N BIOM\u00c9DICA DE ARAG\u00d3N. ZARAGOZA\" title=\"CENTRO DE INVESTIGACI\u00d3N BIOM\u00c9DICA DE ARAG\u00d3N. ZARAGOZA\" rel=\"noreferrer\" data-rel=\"iLightbox[gallery_image_1]\" class=\"fusion-lightbox\" target=\"_self\"><img decoding=\"async\" src=\"https:\/\/www.grupo-mln.com\/wp-content\/uploads\/2018\/04\/foto-no-residencial-1-ciba-320x202.jpg\" width=\"320\" height=\"202\" alt=\"Edificaci\u00f3n no residencial CENTRO DE INVESTIGACI\u00d3N BIOM\u00c9DICA DE ARAG\u00d3N. ZARAGOZA\" title=\"CENTRO DE INVESTIGACI\u00d3N BIOM\u00c9DICA DE ARAG\u00d3N. ZARAGOZA\" aria-label=\"CENTRO DE INVESTIGACI\u00d3N BIOM\u00c9DICA DE ARAG\u00d3N. ZARAGOZA\" class=\"img-responsive wp-image-1091 fusion-gallery-image-size-fixed\" srcset=\"https:\/\/www.grupo-mln.com\/wp-content\/uploads\/2018\/04\/foto-no-residencial-1-ciba-320x202.jpg 320w, https:\/\/www.grupo-mln.com\/wp-content\/uploads\/2018\/04\/foto-no-residencial-1-ciba-700x441.jpg 700w\" sizes=\"(max-width: 320px) 100vw, 320px\" \/><\/a><\/div><\/div><div style=\"padding:5px;\" class=\"fusion-grid-column fusion-gallery-column fusion-gallery-column-5 hover-type-none\"><div class=\"fusion-gallery-image\"><a href=\"https:\/\/www.grupo-mln.com\/wp-content\/uploads\/2018\/04\/2-6.jpg\" data-title=\"FACULTAD CIENCIAS DE LA SALUD. UNIVERSIDAD SAN JORGE. VILLANUEVA DE G\u00c1LLEGO (ZARAGOZA).\" title=\"FACULTAD CIENCIAS DE LA SALUD. UNIVERSIDAD SAN JORGE. VILLANUEVA DE G\u00c1LLEGO (ZARAGOZA).\" rel=\"noreferrer\" data-rel=\"iLightbox[gallery_image_1]\" class=\"fusion-lightbox\" target=\"_self\"><img decoding=\"async\" src=\"https:\/\/www.grupo-mln.com\/wp-content\/uploads\/2018\/04\/2-6-320x202.jpg\" width=\"320\" height=\"202\" alt=\"Edificaci\u00f3n no residencial FACULTAD CIENCIAS DE LA SALUD. UNIVERSIDAD SAN JORGE. VILLANUEVA DE G\u00c1LLEGO (ZARAGOZA).\" title=\"FACULTAD CIENCIAS DE LA SALUD. UNIVERSIDAD SAN JORGE. VILLANUEVA DE G\u00c1LLEGO (ZARAGOZA).\" aria-label=\"FACULTAD CIENCIAS DE LA SALUD. UNIVERSIDAD SAN JORGE. VILLANUEVA DE G\u00c1LLEGO (ZARAGOZA).\" class=\"img-responsive wp-image-1083 fusion-gallery-image-size-fixed\" srcset=\"https:\/\/www.grupo-mln.com\/wp-content\/uploads\/2018\/04\/2-6-320x202.jpg 320w, https:\/\/www.grupo-mln.com\/wp-content\/uploads\/2018\/04\/2-6-700x441.jpg 700w\" sizes=\"(max-width: 320px) 100vw, 320px\" \/><\/a><\/div><\/div><div style=\"padding:5px;\" class=\"fusion-grid-column fusion-gallery-column fusion-gallery-column-5 hover-type-none\"><div class=\"fusion-gallery-image\"><a href=\"https:\/\/www.grupo-mln.com\/wp-content\/uploads\/2018\/04\/foto-no-residencial-3-estacion-calatayud.jpg\" data-title=\"ESTACI\u00d3N DE AUTOBUSES. CALATAYUD (ZARAGOZA).\" title=\"ESTACI\u00d3N DE AUTOBUSES. CALATAYUD (ZARAGOZA).\" rel=\"noreferrer\" data-rel=\"iLightbox[gallery_image_1]\" class=\"fusion-lightbox\" target=\"_self\"><img decoding=\"async\" src=\"https:\/\/www.grupo-mln.com\/wp-content\/uploads\/2018\/04\/foto-no-residencial-3-estacion-calatayud-320x202.jpg\" width=\"320\" height=\"202\" alt=\"ESTACI\u00d3N DE AUTOBUSES. CALATAYUD (ZARAGOZA).\" title=\"ESTACI\u00d3N DE AUTOBUSES. CALATAYUD (ZARAGOZA).\" aria-label=\"ESTACI\u00d3N DE AUTOBUSES. CALATAYUD (ZARAGOZA).\" class=\"img-responsive wp-image-1092 fusion-gallery-image-size-fixed\" srcset=\"https:\/\/www.grupo-mln.com\/wp-content\/uploads\/2018\/04\/foto-no-residencial-3-estacion-calatayud-320x202.jpg 320w, https:\/\/www.grupo-mln.com\/wp-content\/uploads\/2018\/04\/foto-no-residencial-3-estacion-calatayud-700x441.jpg 700w\" sizes=\"(max-width: 320px) 100vw, 320px\" \/><\/a><\/div><\/div><div style=\"padding:5px;\" class=\"fusion-grid-column fusion-gallery-column fusion-gallery-column-5 hover-type-none\"><div class=\"fusion-gallery-image\"><a href=\"https:\/\/www.grupo-mln.com\/wp-content\/uploads\/2018\/04\/foto-no-residencial-4-residencia-torrero.jpg\" data-title=\"CENTRO RESIDENCIAL DE PERSONAS MAYORES. ZARAGOZA.\" title=\"CENTRO RESIDENCIAL DE PERSONAS MAYORES. ZARAGOZA.\" rel=\"noreferrer\" data-rel=\"iLightbox[gallery_image_1]\" class=\"fusion-lightbox\" target=\"_self\"><img decoding=\"async\" src=\"https:\/\/www.grupo-mln.com\/wp-content\/uploads\/2018\/04\/foto-no-residencial-4-residencia-torrero-320x202.jpg\" width=\"320\" height=\"202\" alt=\"\" title=\"CENTRO RESIDENCIAL DE PERSONAS MAYORES. ZARAGOZA.\" aria-label=\"CENTRO RESIDENCIAL DE PERSONAS MAYORES. ZARAGOZA.\" class=\"img-responsive wp-image-1093 fusion-gallery-image-size-fixed\" srcset=\"https:\/\/www.grupo-mln.com\/wp-content\/uploads\/2018\/04\/foto-no-residencial-4-residencia-torrero-320x202.jpg 320w, https:\/\/www.grupo-mln.com\/wp-content\/uploads\/2018\/04\/foto-no-residencial-4-residencia-torrero-700x441.jpg 700w\" sizes=\"(max-width: 320px) 100vw, 320px\" \/><\/a><\/div><\/div><div style=\"padding:5px;\" class=\"fusion-grid-column fusion-gallery-column fusion-gallery-column-5 hover-type-none\"><div class=\"fusion-gallery-image\"><a href=\"https:\/\/www.grupo-mln.com\/wp-content\/uploads\/2018\/04\/5-4.jpg\" data-title=\"COLEGIO DE EDUCACI\u00d3N INFANTIL Y PRIMARIA. SALLENT DE G\u00c1LLEGO (ZARAGOZA).\" title=\"COLEGIO DE EDUCACI\u00d3N INFANTIL Y PRIMARIA. SALLENT DE G\u00c1LLEGO (ZARAGOZA).\" rel=\"noreferrer\" data-rel=\"iLightbox[gallery_image_1]\" class=\"fusion-lightbox\" target=\"_self\"><img decoding=\"async\" src=\"https:\/\/www.grupo-mln.com\/wp-content\/uploads\/2018\/04\/5-4-320x202.jpg\" width=\"320\" height=\"202\" alt=\"COLEGIO DE EDUCACI\u00d3N INFANTIL Y PRIMARIA. SALLENT DE G\u00c1LLEGO (ZARAGOZA).\" title=\"COLEGIO DE EDUCACI\u00d3N INFANTIL Y PRIMARIA. SALLENT DE G\u00c1LLEGO (ZARAGOZA).\" aria-label=\"COLEGIO DE EDUCACI\u00d3N INFANTIL Y PRIMARIA. SALLENT DE G\u00c1LLEGO (ZARAGOZA).\" class=\"img-responsive wp-image-1086 fusion-gallery-image-size-fixed\" srcset=\"https:\/\/www.grupo-mln.com\/wp-content\/uploads\/2018\/04\/5-4-320x202.jpg 320w, https:\/\/www.grupo-mln.com\/wp-content\/uploads\/2018\/04\/5-4-700x441.jpg 700w\" sizes=\"(max-width: 320px) 100vw, 320px\" \/><\/a><\/div><\/div><div class=\"clearfix\"><\/div><div style=\"padding:5px;\" class=\"fusion-grid-column fusion-gallery-column fusion-gallery-column-5 hover-type-none\"><div class=\"fusion-gallery-image\"><a href=\"https:\/\/www.grupo-mln.com\/wp-content\/uploads\/2018\/04\/6-2.jpg\" data-title=\"AMPLIACI\u00d3N LABORATORIOS DE I+D DE CERTEST. SAN MATEO DE G\u00c1LLEGO (ZARAGOZA).\" title=\"AMPLIACI\u00d3N LABORATORIOS DE I+D DE CERTEST. SAN MATEO DE G\u00c1LLEGO (ZARAGOZA).\" rel=\"noreferrer\" data-rel=\"iLightbox[gallery_image_1]\" class=\"fusion-lightbox\" target=\"_self\"><img decoding=\"async\" src=\"https:\/\/www.grupo-mln.com\/wp-content\/uploads\/2018\/04\/6-2-320x202.jpg\" width=\"320\" height=\"202\" alt=\"AMPLIACI\u00d3N LABORATORIOS DE I+D DE CERTEST. SAN MATEO DE G\u00c1LLEGO (ZARAGOZA).\" title=\"AMPLIACI\u00d3N LABORATORIOS DE I+D DE CERTEST. SAN MATEO DE G\u00c1LLEGO (ZARAGOZA).\" aria-label=\"AMPLIACI\u00d3N LABORATORIOS DE I+D DE CERTEST. SAN MATEO DE G\u00c1LLEGO (ZARAGOZA).\" class=\"img-responsive wp-image-1087 fusion-gallery-image-size-fixed\" srcset=\"https:\/\/www.grupo-mln.com\/wp-content\/uploads\/2018\/04\/6-2-320x202.jpg 320w, https:\/\/www.grupo-mln.com\/wp-content\/uploads\/2018\/04\/6-2-700x441.jpg 700w\" sizes=\"(max-width: 320px) 100vw, 320px\" \/><\/a><\/div><\/div><div style=\"padding:5px;\" class=\"fusion-grid-column fusion-gallery-column fusion-gallery-column-5 hover-type-none\"><div class=\"fusion-gallery-image\"><a href=\"https:\/\/www.grupo-mln.com\/wp-content\/uploads\/2018\/04\/foto-no-residencial-7-juzgados-teruel.jpg\" data-title=\"REFORMA DE LOS EDIFICIOS DE LA AUDIENCIA Y JUZGADOS. TERUEL.\" title=\"REFORMA DE LOS EDIFICIOS DE LA AUDIENCIA Y JUZGADOS. TERUEL.\" rel=\"noreferrer\" data-rel=\"iLightbox[gallery_image_1]\" class=\"fusion-lightbox\" target=\"_self\"><img decoding=\"async\" src=\"https:\/\/www.grupo-mln.com\/wp-content\/uploads\/2018\/04\/foto-no-residencial-7-juzgados-teruel-320x202.jpg\" width=\"320\" height=\"202\" alt=\"Edificaci\u00f3n no residencial REFORMA DE LOS EDIFICIOS DE LA AUDIENCIA Y JUZGADOS. TERUEL.\" title=\"REFORMA DE LOS EDIFICIOS DE LA AUDIENCIA Y JUZGADOS. TERUEL.\" aria-label=\"REFORMA DE LOS EDIFICIOS DE LA AUDIENCIA Y JUZGADOS. TERUEL.\" class=\"img-responsive wp-image-1094 fusion-gallery-image-size-fixed\" srcset=\"https:\/\/www.grupo-mln.com\/wp-content\/uploads\/2018\/04\/foto-no-residencial-7-juzgados-teruel-320x202.jpg 320w, https:\/\/www.grupo-mln.com\/wp-content\/uploads\/2018\/04\/foto-no-residencial-7-juzgados-teruel-700x441.jpg 700w\" sizes=\"(max-width: 320px) 100vw, 320px\" \/><\/a><\/div><\/div><div style=\"padding:5px;\" class=\"fusion-grid-column fusion-gallery-column fusion-gallery-column-5 hover-type-none\"><div class=\"fusion-gallery-image\"><a href=\"https:\/\/www.grupo-mln.com\/wp-content\/uploads\/2018\/04\/8.jpg\" data-title=\"CENTRO POLIDEPORTIVO \u201cJOS\u00c9 GARC\u00c9S\u201d. ZARAGOZA.\" title=\"CENTRO POLIDEPORTIVO \u201cJOS\u00c9 GARC\u00c9S\u201d. ZARAGOZA.\" rel=\"noreferrer\" data-rel=\"iLightbox[gallery_image_1]\" class=\"fusion-lightbox\" target=\"_self\"><img decoding=\"async\" src=\"https:\/\/www.grupo-mln.com\/wp-content\/uploads\/2018\/04\/8-320x202.jpg\" width=\"320\" height=\"202\" alt=\"Edificaci\u00f3n no residencial CENTRO POLIDEPORTIVO \u201cJOS\u00c9 GARC\u00c9S\u201d. ZARAGOZA.\" title=\"CENTRO POLIDEPORTIVO \u201cJOS\u00c9 GARC\u00c9S\u201d. ZARAGOZA.\" aria-label=\"CENTRO POLIDEPORTIVO \u201cJOS\u00c9 GARC\u00c9S\u201d. ZARAGOZA.\" class=\"img-responsive wp-image-1089 fusion-gallery-image-size-fixed\" srcset=\"https:\/\/www.grupo-mln.com\/wp-content\/uploads\/2018\/04\/8-320x202.jpg 320w, https:\/\/www.grupo-mln.com\/wp-content\/uploads\/2018\/04\/8-700x441.jpg 700w\" sizes=\"(max-width: 320px) 100vw, 320px\" \/><\/a><\/div><\/div><div style=\"padding:5px;\" class=\"fusion-grid-column fusion-gallery-column fusion-gallery-column-5 hover-type-none\"><div class=\"fusion-gallery-image\"><a href=\"https:\/\/www.grupo-mln.com\/wp-content\/uploads\/2018\/04\/9.jpg\" data-title=\"REFORMA SEDE DIPUTACI\u00d3N PROVINCIAL DE ZARAGOZA. ZARAGOZA.\" title=\"REFORMA SEDE DIPUTACI\u00d3N PROVINCIAL DE ZARAGOZA. ZARAGOZA.\" rel=\"noreferrer\" data-rel=\"iLightbox[gallery_image_1]\" class=\"fusion-lightbox\" target=\"_self\"><img decoding=\"async\" src=\"https:\/\/www.grupo-mln.com\/wp-content\/uploads\/2018\/04\/9-320x202.jpg\" width=\"320\" height=\"202\" alt=\"Edificaci\u00f3n no residencial REFORMA SEDE DIPUTACI\u00d3N PROVINCIAL DE ZARAGOZA. ZARAGOZA.\" title=\"REFORMA SEDE DIPUTACI\u00d3N PROVINCIAL DE ZARAGOZA. ZARAGOZA.\" aria-label=\"REFORMA SEDE DIPUTACI\u00d3N PROVINCIAL DE ZARAGOZA. ZARAGOZA.\" class=\"img-responsive wp-image-1181 fusion-gallery-image-size-fixed\"  \/><\/a><\/div><\/div><div style=\"padding:5px;\" class=\"fusion-grid-column fusion-gallery-column fusion-gallery-column-5 hover-type-none\"><div class=\"fusion-gallery-image\"><a href=\"https:\/\/www.grupo-mln.com\/wp-content\/uploads\/2018\/04\/10.jpg\" data-title=\"EDIFICIO POLIVALENTE EN PORTALET (HUESCA).\" title=\"EDIFICIO POLIVALENTE EN PORTALET (HUESCA).\" rel=\"noreferrer\" data-rel=\"iLightbox[gallery_image_1]\" class=\"fusion-lightbox\" target=\"_self\"><img decoding=\"async\" src=\"https:\/\/www.grupo-mln.com\/wp-content\/uploads\/2018\/04\/10-320x202.jpg\" width=\"320\" height=\"202\" alt=\"\" title=\"EDIFICIO POLIVALENTE EN PORTALET (HUESCA).\" aria-label=\"EDIFICIO POLIVALENTE EN PORTALET (HUESCA).\" class=\"img-responsive wp-image-1182 fusion-gallery-image-size-fixed\" srcset=\"https:\/\/www.grupo-mln.com\/wp-content\/uploads\/2018\/04\/10-320x202.jpg 320w, https:\/\/www.grupo-mln.com\/wp-content\/uploads\/2018\/04\/10-700x441.jpg 700w\" sizes=\"(max-width: 320px) 100vw, 320px\" \/><\/a><\/div><\/div><div class=\"clearfix\"><\/div><\/div><\/div><div class=\"fusion-clearfix\"><\/div><\/div><\/div><\/div><\/div><\/p>\n","protected":false},"excerpt":{"rendered":"","protected":false},"author":3,"featured_media":0,"parent":2038,"menu_order":0,"comment_status":"closed","ping_status":"closed","template":"100-width.php","meta":{"_exactmetrics_skip_tracking":false,"_exactmetrics_sitenote_active":false,"_exactmetrics_sitenote_note":"","_exactmetrics_sitenote_category":0,"footnotes":""},"class_list":["post-2057","page","type-page","status-publish","hentry"],"yoast_head":"<!-- This site is optimized with the Yoast SEO plugin v27.0 - https:\/\/yoast.com\/product\/yoast-seo-wordpress\/ -->\n<title>Non-residential Construction - Grupo MLN<\/title>\n<meta name=\"robots\" content=\"index, follow, max-snippet:-1, max-image-preview:large, max-video-preview:-1\" \/>\n<link rel=\"canonical\" href=\"https:\/\/www.grupo-mln.com\/en\/building\/non-residential-construction\" \/>\n<meta property=\"og:locale\" content=\"en_US\" \/>\n<meta property=\"og:type\" content=\"article\" \/>\n<meta property=\"og:title\" content=\"Non-residential Construction - Grupo MLN\" \/>\n<meta property=\"og:url\" content=\"https:\/\/www.grupo-mln.com\/en\/building\/non-residential-construction\" \/>\n<meta property=\"og:site_name\" content=\"Grupo MLN\" \/>\n<meta property=\"article:modified_time\" content=\"2023-03-29T08:11:58+00:00\" \/>\n<meta name=\"twitter:card\" content=\"summary_large_image\" \/>\n<meta name=\"twitter:label1\" content=\"Est. reading time\" \/>\n\t<meta name=\"twitter:data1\" content=\"3 minutes\" \/>\n<script type=\"application\/ld+json\" class=\"yoast-schema-graph\">{\"@context\":\"https:\/\/schema.org\",\"@graph\":[{\"@type\":\"WebPage\",\"@id\":\"https:\/\/www.grupo-mln.com\/en\/building\/non-residential-construction\",\"url\":\"https:\/\/www.grupo-mln.com\/en\/building\/non-residential-construction\",\"name\":\"Non-residential Construction - Grupo MLN\",\"isPartOf\":{\"@id\":\"https:\/\/www.grupo-mln.com\/fr\/#website\"},\"datePublished\":\"2018-04-10T14:25:36+00:00\",\"dateModified\":\"2023-03-29T08:11:58+00:00\",\"breadcrumb\":{\"@id\":\"https:\/\/www.grupo-mln.com\/en\/building\/non-residential-construction#breadcrumb\"},\"inLanguage\":\"en-US\",\"potentialAction\":[{\"@type\":\"ReadAction\",\"target\":[\"https:\/\/www.grupo-mln.com\/en\/building\/non-residential-construction\"]}]},{\"@type\":\"BreadcrumbList\",\"@id\":\"https:\/\/www.grupo-mln.com\/en\/building\/non-residential-construction#breadcrumb\",\"itemListElement\":[{\"@type\":\"ListItem\",\"position\":1,\"name\":\"Portada\",\"item\":\"https:\/\/www.grupo-mln.com\/en\"},{\"@type\":\"ListItem\",\"position\":2,\"name\":\"Building\",\"item\":\"https:\/\/www.grupo-mln.com\/en\/building\"},{\"@type\":\"ListItem\",\"position\":3,\"name\":\"Non-residential Construction\"}]},{\"@type\":\"WebSite\",\"@id\":\"https:\/\/www.grupo-mln.com\/fr\/#website\",\"url\":\"https:\/\/www.grupo-mln.com\/fr\/\",\"name\":\"Grupo MLN\",\"description\":\"Grupo MLN\",\"potentialAction\":[{\"@type\":\"SearchAction\",\"target\":{\"@type\":\"EntryPoint\",\"urlTemplate\":\"https:\/\/www.grupo-mln.com\/fr\/?s={search_term_string}\"},\"query-input\":{\"@type\":\"PropertyValueSpecification\",\"valueRequired\":true,\"valueName\":\"search_term_string\"}}],\"inLanguage\":\"en-US\"}]}<\/script>\n<!-- \/ Yoast SEO plugin. -->","yoast_head_json":{"title":"Non-residential Construction - Grupo MLN","robots":{"index":"index","follow":"follow","max-snippet":"max-snippet:-1","max-image-preview":"max-image-preview:large","max-video-preview":"max-video-preview:-1"},"canonical":"https:\/\/www.grupo-mln.com\/en\/building\/non-residential-construction","og_locale":"en_US","og_type":"article","og_title":"Non-residential Construction - Grupo MLN","og_url":"https:\/\/www.grupo-mln.com\/en\/building\/non-residential-construction","og_site_name":"Grupo MLN","article_modified_time":"2023-03-29T08:11:58+00:00","twitter_card":"summary_large_image","twitter_misc":{"Est. reading time":"3 minutes"},"schema":{"@context":"https:\/\/schema.org","@graph":[{"@type":"WebPage","@id":"https:\/\/www.grupo-mln.com\/en\/building\/non-residential-construction","url":"https:\/\/www.grupo-mln.com\/en\/building\/non-residential-construction","name":"Non-residential Construction - Grupo MLN","isPartOf":{"@id":"https:\/\/www.grupo-mln.com\/fr\/#website"},"datePublished":"2018-04-10T14:25:36+00:00","dateModified":"2023-03-29T08:11:58+00:00","breadcrumb":{"@id":"https:\/\/www.grupo-mln.com\/en\/building\/non-residential-construction#breadcrumb"},"inLanguage":"en-US","potentialAction":[{"@type":"ReadAction","target":["https:\/\/www.grupo-mln.com\/en\/building\/non-residential-construction"]}]},{"@type":"BreadcrumbList","@id":"https:\/\/www.grupo-mln.com\/en\/building\/non-residential-construction#breadcrumb","itemListElement":[{"@type":"ListItem","position":1,"name":"Portada","item":"https:\/\/www.grupo-mln.com\/en"},{"@type":"ListItem","position":2,"name":"Building","item":"https:\/\/www.grupo-mln.com\/en\/building"},{"@type":"ListItem","position":3,"name":"Non-residential Construction"}]},{"@type":"WebSite","@id":"https:\/\/www.grupo-mln.com\/fr\/#website","url":"https:\/\/www.grupo-mln.com\/fr\/","name":"Grupo MLN","description":"Grupo MLN","potentialAction":[{"@type":"SearchAction","target":{"@type":"EntryPoint","urlTemplate":"https:\/\/www.grupo-mln.com\/fr\/?s={search_term_string}"},"query-input":{"@type":"PropertyValueSpecification","valueRequired":true,"valueName":"search_term_string"}}],"inLanguage":"en-US"}]}},"_links":{"self":[{"href":"https:\/\/www.grupo-mln.com\/en\/wp-json\/wp\/v2\/pages\/2057","targetHints":{"allow":["GET"]}}],"collection":[{"href":"https:\/\/www.grupo-mln.com\/en\/wp-json\/wp\/v2\/pages"}],"about":[{"href":"https:\/\/www.grupo-mln.com\/en\/wp-json\/wp\/v2\/types\/page"}],"author":[{"embeddable":true,"href":"https:\/\/www.grupo-mln.com\/en\/wp-json\/wp\/v2\/users\/3"}],"replies":[{"embeddable":true,"href":"https:\/\/www.grupo-mln.com\/en\/wp-json\/wp\/v2\/comments?post=2057"}],"version-history":[{"count":3,"href":"https:\/\/www.grupo-mln.com\/en\/wp-json\/wp\/v2\/pages\/2057\/revisions"}],"predecessor-version":[{"id":11700,"href":"https:\/\/www.grupo-mln.com\/en\/wp-json\/wp\/v2\/pages\/2057\/revisions\/11700"}],"up":[{"embeddable":true,"href":"https:\/\/www.grupo-mln.com\/en\/wp-json\/wp\/v2\/pages\/2038"}],"wp:attachment":[{"href":"https:\/\/www.grupo-mln.com\/en\/wp-json\/wp\/v2\/media?parent=2057"}],"curies":[{"name":"wp","href":"https:\/\/api.w.org\/{rel}","templated":true}]}}